{"id":631,"date":"2017-08-17T10:58:29","date_gmt":"2017-08-17T10:58:29","guid":{"rendered":"https:\/\/pandora-series.com\/?page_id=631"},"modified":"2017-09-20T11:15:01","modified_gmt":"2017-09-20T11:15:01","slug":"workshop","status":"publish","type":"page","link":"https:\/\/pandora-series.com\/en\/workshop\/","title":{"rendered":"Workshop"},"content":{"rendered":"<p>\r\n<section class=\"pos-r  \"  id=\"shortcode-d3d8750b8188b2f6b8294e85bc0ccbc5\" >\r\n\t\t\t<div class=\"overlay-color\"><\/div>\r\n\t\t<div class=\"fw-container\">\r\n\t\t<div class=\"fw-row\">\r\n\t\t\t<div id=\"shortcode-918d647d8491025939e4cc04b55b579f\" class=\"fw-col-xs-12 fw-col-sm-12 fw-col-md-12 text-left \" >\r\n\t<div class=\"SpecialHeading fw-heading  text-right mt-20 mb-60  \" id=\"shortcode-a9d4bc8d0b3484257b39d71c20ea35f0\" >\r\n\t\t\t\t\t<h1 class=\"special-title\">The Workshop<\/h1>\t\t<div class=\"special-subtitle\">Master The Art Of Writing<\/div>\r\n\t<\/div><\/div>\r\n\t\t<\/div>\r\n\t<\/div>\r\n\t<\/section>\r\n\r\n<section class=\"pos-r  \"  id=\"shortcode-1b5105f1358cd938ade563280066ad06\" >\r\n\t\t<div class=\"fw-container\">\r\n\t\t<div class=\"fw-row\">\r\n\t\t\t<div id=\"shortcode-bd0c22337c0c1461a9e83cb2a6d1b201\" class=\"fw-col-xs-12 fw-col-sm-8 fw-col-sm-offset-2 text-left hidden-xs hidden-sm\" >\r\n\t<div class=\"SpecialHeading fw-heading  text-center mt-20 mb-60  \" id=\"shortcode-5b8ba3ac91b72f77739bc5fade97ecde\" >\r\n\t\t\t\t\t<h3 class=\"special-title\">What To Expect?<\/h3>\t<\/div>\r\n\r\n<div class=\"TextBlock  \" id=\"shortcode-34210ffeaa6101ac0dbc5949a6f5927e\" >\r\n\t<p style=\"text-align: center;\"><span class=\"ng-directive ng-binding\">Tart wafer drag\u00e9e icing carrot cake pie dessert. Lollipop biscuit souffl\u00e9 macaroon cake tiramisu apple pie tootsie roll bonbon. Apple pie pudding bear claw tart souffl\u00e9 apple pie candy. Souffl\u00e9 powder gummies. Pastry marzipan topping candy canes. Sweet roll carrot cake pastry sesame snaps fruitcake. Dessert toffee jujubes cupcake sugar plum fruitcake. <\/span><\/p><\/div>\r\n\r\n<div class=\"spacer \" id=\"shortcode-91e49f817b1beae7b78b24e84c3d3d88\"><\/div>\r\n\r\n<div class=\"fw-tabs-container tabs-justified tabs-horizontal  \" id=\"fw-tabs-69e2fccf48b26\" >\r\n\t<div class=\"fw-tabs\">\r\n\t\t<ul>\r\n\t\t\t\t\t\t<li>\r\n\t\t\t\t<a class=\"font-heading element-title\" href=\"#fw-tabs-69e2fccf48b26-1\">\r\n\t\t\t\t\t<i class=\"icon-lightbulb tabs-icon\"><\/i>\r\n\t\t\t\t\t<span>Generate Ideas<\/span>\r\n\t\t\t\t<\/a>\r\n\t\t\t<\/li>\r\n\t\t\t\t\t\t<li>\r\n\t\t\t\t<a class=\"font-heading element-title\" href=\"#fw-tabs-69e2fccf48b26-2\">\r\n\t\t\t\t\t<i class=\"icon-hourglass tabs-icon\"><\/i>\r\n\t\t\t\t\t<span>Write Fast<\/span>\r\n\t\t\t\t<\/a>\r\n\t\t\t<\/li>\r\n\t\t\t\t\t\t<li>\r\n\t\t\t\t<a class=\"font-heading element-title\" href=\"#fw-tabs-69e2fccf48b26-3\">\r\n\t\t\t\t\t<i class=\"icon-streetsign tabs-icon\"><\/i>\r\n\t\t\t\t\t<span>Plot Twists<\/span>\r\n\t\t\t\t<\/a>\r\n\t\t\t<\/li>\r\n\t\t\t\t\t<\/ul>\r\n\t<\/div>\r\n\t\t\t<div class=\"fw-tab-content\" id=\"fw-tabs-69e2fccf48b26-1\">\r\n\t\t\tCroissant candy canes croissant jelly-o jelly-o cheesecake. Muffin dessert marshmallow sugar plum pie. Jujubes gummies apple pie muffin fruitcake. Marshmallow muffin chocolate cake lemon drops fruitcake liquorice.\t\t<\/div>\r\n\t\t\t<div class=\"fw-tab-content\" id=\"fw-tabs-69e2fccf48b26-2\">\r\n\t\t\tTopping caramels brownie. Jelly sesame snaps halvah sesame snaps gingerbread lollipop gummies macaroon. Cotton candy wafer jelly-o gingerbread. Pudding jelly-o marzipan bear claw. Chocolate cake candy canes chocolate bar sweet sugar plum.\t\t<\/div>\r\n\t\t\t<div class=\"fw-tab-content\" id=\"fw-tabs-69e2fccf48b26-3\">\r\n\t\t\tMacaroon halvah pudding cupcake chocolate bar sugar plum candy canes fruitcake. Topping sesame snaps toffee drag\u00e9e marshmallow bear claw jelly beans cotton candy lollipop. Cupcake bonbon marshmallow powder tart.\t\t<\/div>\r\n\t<\/div><\/div>\r\n<div id=\"shortcode-aebfb2ca99877f5de542bc5468db4425\" class=\"fw-col-xs-12 fw-col-sm-12 fw-col-md-12 text-left hidden-md hidden-lg \" >\r\n\t<div class=\"SpecialHeading fw-heading  text-center mt-20 mb-60  \" id=\"shortcode-8ddba396603c9b2516c852643d1a8503\" >\r\n\t\t\t\t\t<h3 class=\"special-title\">What To Expect?<\/h3>\t<\/div>\r\n\r\n<div class=\"TextBlock  \" id=\"shortcode-748b4796b779f5f8ca4d4e1b860f6801\" >\r\n\t<p style=\"text-align: center;\"><span class=\"ng-directive ng-binding\">Tart wafer drag\u00e9e icing carrot cake pie dessert. Lollipop biscuit souffl\u00e9 macaroon cake tiramisu apple pie tootsie roll bonbon. Apple pie pudding bear claw tart souffl\u00e9 apple pie candy. Souffl\u00e9 powder gummies. Pastry marzipan topping candy canes. Sweet roll carrot cake pastry sesame snaps fruitcake. Dessert toffee jujubes cupcake sugar plum fruitcake. <\/span><\/p><\/div>\r\n\r\n<div class=\"spacer \" id=\"shortcode-c2809e383faf993c0657b1c2a2857528\"><\/div>\r\n\r\n<div class=\"fw-tabs-container tabs-justified tabs-horizontal  \" id=\"fw-tabs-69e2fccf48d5c\" >\r\n\t<div class=\"fw-tabs\">\r\n\t\t<ul>\r\n\t\t\t\t\t\t<li>\r\n\t\t\t\t<a class=\"font-heading element-title\" href=\"#fw-tabs-69e2fccf48d5c-1\">\r\n\t\t\t\t\t<i class=\"icon-lightbulb tabs-icon\"><\/i>\r\n\t\t\t\t\t<span>Generate Ideas<\/span>\r\n\t\t\t\t<\/a>\r\n\t\t\t<\/li>\r\n\t\t\t\t\t\t<li>\r\n\t\t\t\t<a class=\"font-heading element-title\" href=\"#fw-tabs-69e2fccf48d5c-2\">\r\n\t\t\t\t\t<i class=\"icon-hourglass tabs-icon\"><\/i>\r\n\t\t\t\t\t<span>Write Fast<\/span>\r\n\t\t\t\t<\/a>\r\n\t\t\t<\/li>\r\n\t\t\t\t\t\t<li>\r\n\t\t\t\t<a class=\"font-heading element-title\" href=\"#fw-tabs-69e2fccf48d5c-3\">\r\n\t\t\t\t\t<i class=\"icon-streetsign tabs-icon\"><\/i>\r\n\t\t\t\t\t<span>Plot Twists<\/span>\r\n\t\t\t\t<\/a>\r\n\t\t\t<\/li>\r\n\t\t\t\t\t<\/ul>\r\n\t<\/div>\r\n\t\t\t<div class=\"fw-tab-content\" id=\"fw-tabs-69e2fccf48d5c-1\">\r\n\t\t\tCroissant candy canes croissant jelly-o jelly-o cheesecake. Muffin dessert marshmallow sugar plum pie. Jujubes gummies apple pie muffin fruitcake. Marshmallow muffin chocolate cake lemon drops fruitcake liquorice.\t\t<\/div>\r\n\t\t\t<div class=\"fw-tab-content\" id=\"fw-tabs-69e2fccf48d5c-2\">\r\n\t\t\tTopping caramels brownie. Jelly sesame snaps halvah sesame snaps gingerbread lollipop gummies macaroon. Cotton candy wafer jelly-o gingerbread. Pudding jelly-o marzipan bear claw. Chocolate cake candy canes chocolate bar sweet sugar plum.\t\t<\/div>\r\n\t\t\t<div class=\"fw-tab-content\" id=\"fw-tabs-69e2fccf48d5c-3\">\r\n\t\t\tMacaroon halvah pudding cupcake chocolate bar sugar plum candy canes fruitcake. Topping sesame snaps toffee drag\u00e9e marshmallow bear claw jelly beans cotton candy lollipop. Cupcake bonbon marshmallow powder tart.\t\t<\/div>\r\n\t<\/div><\/div>\r\n\t\t<\/div>\r\n\t<\/div>\r\n\t<\/section>\r\n\r\n<section class=\"pos-r section-light is-parallax  \"  id=\"shortcode-fc2eeaaedd12016db1e100a017c73b91\" >\r\n\t\t\t<div class=\"overlay-color\"><\/div>\r\n\t\t<div class=\"fw-container\">\r\n\t\t<div class=\"fw-row\">\r\n\t\t\t<div id=\"shortcode-72a07cfeddaeef37348fc20e0bd904b2\" class=\"fw-col-xs-12 fw-col-sm-12 fw-col-md-6 text-left \" >\r\n\t\r\n\r\n <div class=\"ShortcodeList NumberedList list-right  \" id=\"shortcode-e4f0eb483e686c1a04547a97bd75fd0d\" >\r\n\t<ul class=\"list-unstyled shortcode-list-wrapper\">\r\n\t\t\t\t\t<li class=\"ListItem\">\r\n\t\t\t\t<div class=\"list-item-number font-subheading\"><\/div>\r\n\t\t\t\t<div class=\"list-item-content\">\r\n\t\t\t\t\t<h5 class=\"list-item-title font-subheading\">Introduction Lecture<\/h5>\r\n\t\t\t\t\t\t\t\t\t<\/div>\r\n\t\t\t<\/li>\r\n\t\t\t\t\t<li class=\"ListItem\">\r\n\t\t\t\t<div class=\"list-item-number font-subheading\"><\/div>\r\n\t\t\t\t<div class=\"list-item-content\">\r\n\t\t\t\t\t<h5 class=\"list-item-title font-subheading\">Main Writing Principles<\/h5>\r\n\t\t\t\t\t\t\t\t\t<\/div>\r\n\t\t\t<\/li>\r\n\t\t\t\t\t<li class=\"ListItem\">\r\n\t\t\t\t<div class=\"list-item-number font-subheading\"><\/div>\r\n\t\t\t\t<div class=\"list-item-content\">\r\n\t\t\t\t\t<h5 class=\"list-item-title font-subheading\">Lunch Break<\/h5>\r\n\t\t\t\t\t\t\t\t\t<\/div>\r\n\t\t\t<\/li>\r\n\t\t\t\t\t<li class=\"ListItem\">\r\n\t\t\t\t<div class=\"list-item-number font-subheading\"><\/div>\r\n\t\t\t\t<div class=\"list-item-content\">\r\n\t\t\t\t\t<h5 class=\"list-item-title font-subheading\">Main Lessons<\/h5>\r\n\t\t\t\t\t\t\t\t\t<\/div>\r\n\t\t\t<\/li>\r\n\t\t\t<\/ul>\r\n<\/div>\r\n\r\n<div class=\"spacer hidden-md hidden-lg \" id=\"shortcode-623fc62b30ecc72f0d56b7d5e5398ed5\"><\/div><\/div>\r\n<div id=\"shortcode-f90db1bfbad848b399b85e15312a3407\" class=\"fw-col-xs-12 fw-col-sm-12 fw-col-md-6 text-left \" >\r\n\t\r\n\r\n<div class=\"fw-accordion  \" id=\"shortcode-eb64dd616318e2eab801d3afd142f9b4\" >\r\n\t\t\t<h3 class=\"fw-accordion-title font-subheading\">How Long Is The Workshop?<\/h3>\r\n\t\t<div class=\"fw-accordion-content\">\r\n\t\t\t<p>Donut candy topping pie biscuit jelly-o wafer. Gummi bears icing caramels apple pie pie. Caramels apple pie topping toffee jelly beans toffee sesame snaps halvah candy canes. Oat cake ice cream topping. Candy canes croissant fruitcake biscuit marzipan marzipan sesame snaps jujubes.<\/p>\r\n\t\t<\/div>\r\n\t\t\t<h3 class=\"fw-accordion-title font-subheading\">Is It Suitable For Beginners?<\/h3>\r\n\t\t<div class=\"fw-accordion-content\">\r\n\t\t\t<p>Chocolate jelly beans jelly-o ice cream gummies chocolate dessert oat cake candy. Powder sweet pudding halvah jelly beans. Biscuit biscuit souffl\u00e9 bonbon donut lemon drops powder sesame snaps. Cake lollipop macaroon carrot cake jujubes.<\/p>\r\n\t\t<\/div>\r\n\t\t\t<h3 class=\"fw-accordion-title font-subheading\">What Should I Bring With Me?<\/h3>\r\n\t\t<div class=\"fw-accordion-content\">\r\n\t\t\t<p>Jelly ice cream icing candy icing cookie sweet. Gummi bears cheesecake chupa chups topping gummi bears topping. Carrot cake apple pie wafer marshmallow bear claw cotton candy oat cake. Marzipan halvah chocolate fruitcake. <\/p>\r\n\t\t<\/div>\r\n\t<\/div><\/div>\r\n\t\t<\/div>\r\n\t<\/div>\r\n\t<\/section>\r\n\r\n<section class=\"pos-r  \"  id=\"shortcode-54c7c5e5be19e8d837f781509aeecd5c\" >\r\n\t\t<div class=\"fw-container\">\r\n\t\t<div class=\"fw-row\">\r\n\t\t\t<div id=\"shortcode-515d584567535fed7f4095380ef5529e\" class=\"fw-col-xs-12 fw-col-sm-12 fw-col-md-12 text-left \" >\r\n\t\r\n<div id=\"shortcode-c88b515f5767bf85b56add283b0d479c\" class=\"UpcomingBookWrapper pos-r  \" >\r\n\r\n\r\n\t<\/div>\r\n\t\t<\/div>\r\n\t<\/div>\r\n\t<\/section>\r\n<\/p>\n","protected":false},"excerpt":{"rendered":"<p>The Workshop Master The Art Of Writing What To Expect? Tart wafer drag\u00e9e icing carrot cake pie dessert. Lollipop biscuit souffl\u00e9 macaroon cake tiramisu apple pie tootsie roll bonbon. Apple pie pudding bear claw tart souffl\u00e9 apple pie candy. Souffl\u00e9 powder gummies. Pastry marzipan topping candy canes. Sweet roll carrot cake pastry sesame snaps fruitcake&#8230;.<\/p>\n","protected":false},"author":1,"featured_media":0,"parent":0,"menu_order":0,"comment_status":"closed","ping_status":"closed","template":"","meta":{"_coblocks_attr":"","_coblocks_dimensions":"","_coblocks_responsive_height":"","_coblocks_accordion_ie_support":"","_kadence_starter_templates_imported_post":false,"footnotes":""},"class_list":["post-631","page","type-page","status-publish","hentry"],"_links":{"self":[{"href":"https:\/\/pandora-series.com\/en\/wp-json\/wp\/v2\/pages\/631","targetHints":{"allow":["GET"]}}],"collection":[{"href":"https:\/\/pandora-series.com\/en\/wp-json\/wp\/v2\/pages"}],"about":[{"href":"https:\/\/pandora-series.com\/en\/wp-json\/wp\/v2\/types\/page"}],"author":[{"embeddable":true,"href":"https:\/\/pandora-series.com\/en\/wp-json\/wp\/v2\/users\/1"}],"replies":[{"embeddable":true,"href":"https:\/\/pandora-series.com\/en\/wp-json\/wp\/v2\/comments?post=631"}],"version-history":[{"count":26,"href":"https:\/\/pandora-series.com\/en\/wp-json\/wp\/v2\/pages\/631\/revisions"}],"predecessor-version":[{"id":657,"href":"https:\/\/pandora-series.com\/en\/wp-json\/wp\/v2\/pages\/631\/revisions\/657"}],"wp:attachment":[{"href":"https:\/\/pandora-series.com\/en\/wp-json\/wp\/v2\/media?parent=631"}],"curies":[{"name":"wp","href":"https:\/\/api.w.org\/{rel}","templated":true}]}}